{"id":3676,"date":"2022-05-20T11:12:01","date_gmt":"2022-05-20T10:12:01","guid":{"rendered":"https:\/\/mfan.global\/?page_id=3676"},"modified":"2024-10-02T07:56:03","modified_gmt":"2024-10-02T06:56:03","slug":"gebetsdienst","status":"publish","type":"page","link":"https:\/\/mfan.global\/de\/ueber-uns\/gebetsdienst\/","title":{"rendered":"Gebetsdienst"},"content":{"rendered":"\t\t<div data-elementor-type=\"wp-page\" data-elementor-id=\"3676\" class=\"elementor elementor-3676 elementor-1864\" data-elementor-post-type=\"page\">\n\t\t\t\t\t\t<section class=\"elementor-section elementor-top-section elementor-element elementor-element-702369a elementor-section-boxed elementor-section-height-default elementor-section-height-default\" data-id=\"702369a\" data-element_type=\"section\" data-e-type=\"section\">\n\t\t\t\t\t\t<div class=\"elementor-container elementor-column-gap-default\">\n\t\t\t\t\t<div class=\"elementor-column elementor-col-50 elementor-top-column elementor-element elementor-element-f35786b\" data-id=\"f35786b\" data-element_type=\"column\" data-e-type=\"column\">\n\t\t\t<div class=\"elementor-widget-wrap elementor-element-populated\">\n\t\t\t\t\t\t<div class=\"elementor-element elementor-element-534a3d3 elementor-widget elementor-widget-text-editor\" data-id=\"534a3d3\" data-element_type=\"widget\" data-e-type=\"widget\" data-widget_type=\"text-editor.default\">\n\t\t\t\t<div class=\"elementor-widget-container\">\n\t\t\t\t\t\t\t\t\t\u00bbMein Haus soll ein Bethaus genannt werden!\u00ab\nMatth\u00e4us 21:13\n\nDas Gebet ist das, was nicht aufh\u00f6ren kann.\u00a0\u00a0\n\nDort sind alle Antworten auf unsere Fragen, da begegnen wir dem Vater von Angesicht zu Angesicht und tauchen in seine Umarmung ein.\u00a0\u00a0\n\nIndem wir auf die Herrlichkeit des K\u00f6nigs sehen, werden wir in sein Bild verwandelt und sind Tr\u00e4ger der Atmosph\u00e4re des Reiches.\u00a0\n\nDas ist das, womit alles beginnt\u2026 der Wandel und die Gemeinschaft mit ihm.\u00a0\u00a0\n\nDas ist der Ort, an dem unsere Kraft erneuert wird und wir unser Territorium zur\u00fcckerobern. Wo der Vater uns lehrt, den Himmel auf die Erde zu bringen.\u00a0\u00a0\t\t\t\t\t\t\t\t<\/div>\n\t\t\t\t<\/div>\n\t\t\t\t\t<\/div>\n\t\t<\/div>\n\t\t\t\t<div class=\"elementor-column elementor-col-50 elementor-top-column elementor-element elementor-element-6257571\" data-id=\"6257571\" data-element_type=\"column\" data-e-type=\"column\">\n\t\t\t<div class=\"elementor-widget-wrap elementor-element-populated\">\n\t\t\t\t\t\t<div class=\"elementor-element elementor-element-196ee53 elementor-widget elementor-widget-image\" data-id=\"196ee53\" data-element_type=\"widget\" data-e-type=\"widget\" data-widget_type=\"image.default\">\n\t\t\t\t<div class=\"elementor-widget-container\">\n\t\t\t\t\t\t\t\t\t\t\t\t\t\t\t<img decoding=\"async\" src=\"https:\/\/mfan.global\/wp-content\/uploads\/ueber_uns_pray_1_800x500-2.jpg\" title=\"\" alt=\"\" loading=\"lazy\" \/>\t\t\t\t\t\t\t\t\t\t\t\t\t\t\t<\/div>\n\t\t\t\t<\/div>\n\t\t\t\t\t<\/div>\n\t\t<\/div>\n\t\t\t\t\t<\/div>\n\t\t<\/section>\n\t\t\t\t<section class=\"elementor-section elementor-top-section elementor-element elementor-element-5919264 elementor-reverse-mobile elementor-section-boxed elementor-section-height-default elementor-section-height-default\" data-id=\"5919264\" data-element_type=\"section\" data-e-type=\"section\">\n\t\t\t\t\t\t<div class=\"elementor-container elementor-column-gap-default\">\n\t\t\t\t\t<div class=\"elementor-column elementor-col-50 elementor-top-column elementor-element elementor-element-8909742\" data-id=\"8909742\" data-element_type=\"column\" data-e-type=\"column\">\n\t\t\t<div class=\"elementor-widget-wrap elementor-element-populated\">\n\t\t\t\t\t\t<div class=\"elementor-element elementor-element-49599f8 elementor-widget elementor-widget-image\" data-id=\"49599f8\" data-element_type=\"widget\" data-e-type=\"widget\" data-widget_type=\"image.default\">\n\t\t\t\t<div class=\"elementor-widget-container\">\n\t\t\t\t\t\t\t\t\t\t\t\t\t\t\t<img fetchpriority=\"high\" decoding=\"async\" width=\"800\" height=\"500\" src=\"https:\/\/mfan.global\/wp-content\/uploads\/ueber_uns_pray_2_800x500-1.jpg\" class=\"attachment-large size-large wp-image-3666\" alt=\"\" srcset=\"https:\/\/mfan.global\/wp-content\/uploads\/ueber_uns_pray_2_800x500-1.jpg 800w, https:\/\/mfan.global\/wp-content\/uploads\/ueber_uns_pray_2_800x500-1-300x188.jpg 300w, https:\/\/mfan.global\/wp-content\/uploads\/ueber_uns_pray_2_800x500-1-768x480.jpg 768w\" sizes=\"(max-width: 800px) 100vw, 800px\" \/>\t\t\t\t\t\t\t\t\t\t\t\t\t\t\t<\/div>\n\t\t\t\t<\/div>\n\t\t\t\t\t<\/div>\n\t\t<\/div>\n\t\t\t\t<div class=\"elementor-column elementor-col-50 elementor-top-column elementor-element elementor-element-be23c33\" data-id=\"be23c33\" data-element_type=\"column\" data-e-type=\"column\">\n\t\t\t<div class=\"elementor-widget-wrap elementor-element-populated\">\n\t\t\t\t\t\t<div class=\"elementor-element elementor-element-ae11e4f elementor-widget elementor-widget-text-editor\" data-id=\"ae11e4f\" data-element_type=\"widget\" data-e-type=\"widget\" data-widget_type=\"text-editor.default\">\n\t\t\t\t<div class=\"elementor-widget-container\">\n\t\t\t\t\t\t\t\t\tJeden Tag finden um 19 Uhr Gebetstreffen statt. F\u00fcr jeden Tag gibt es verantwortliche Personen, die euch im Gebet unterst\u00fctzen k\u00f6nnen. Wie geschrieben steht:\n\u201ef\u00fcnf von euch werden hundert jagen, und hundert von euch werden zehntausend jagen; und eure Feinde werden vor euch her durchs Schwert fallen.\u201c\u00a0\n3. Mose 26:8\n\nGenauso k\u00f6nnt ihr bei den Gebetstreffen anwesend sein und euch dem Leib Christi im Gebet und der Anbetung anschlie\u00dfen.\u00a0\n\nWenn ihr nicht anwesend sein k\u00f6nnt, sendet uns euer Gebetsanliegen zu oder schreibt uns und wir unterst\u00fctzen euch in diesem Gebet.\u00a0\t\t\t\t\t\t\t\t<\/div>\n\t\t\t\t<\/div>\n\t\t\t\t\t<\/div>\n\t\t<\/div>\n\t\t\t\t\t<\/div>\n\t\t<\/section>\n\t\t\t\t<\/div>\n\t\t","protected":false},"excerpt":{"rendered":"<p>\u00bbMein Haus soll ein Bethaus genannt werden!\u00ab Matth\u00e4us 21:13 Das Gebet ist das, was nicht aufh\u00f6ren kann.\u00a0\u00a0 Dort sind alle Antworten auf unsere Fragen, da begegnen wir dem Vater von [&hellip;]<\/p>\n","protected":false},"author":1,"featured_media":0,"parent":3905,"menu_order":0,"comment_status":"closed","ping_status":"closed","template":"","meta":{"_acf_changed":false,"inline_featured_image":false,"site-sidebar-layout":"default","site-content-layout":"","ast-site-content-layout":"default","site-content-style":"default","site-sidebar-style":"default","ast-global-header-display":"","ast-banner-title-visibility":"","ast-main-header-display":"","ast-hfb-above-header-display":"","ast-hfb-below-header-display":"","ast-hfb-mobile-header-display":"","site-post-title":"","ast-breadcrumbs-content":"","ast-featured-img":"","footer-sml-layout":"","ast-disable-related-posts":"","theme-transparent-header-meta":"default","adv-header-id-meta":"","stick-header-meta":"","header-above-stick-meta":"","header-main-stick-meta":"","header-below-stick-meta":"","astra-migrate-meta-layouts":"set","ast-page-background-enabled":"default","ast-page-background-meta":{"desktop":{"background-color":"var(--ast-global-color-4)","background-image":"","background-repeat":"repeat","background-position":"center center","background-size":"auto","background-attachment":"scroll","background-type":"","background-media":"","overlay-type":"","overlay-color":"","overlay-opacity":"","overlay-gradient":""},"tablet":{"background-color":"","background-image":"","background-repeat":"repeat","background-position":"center center","background-size":"auto","background-attachment":"scroll","background-type":"","background-media":"","overlay-type":"","overlay-color":"","overlay-opacity":"","overlay-gradient":""},"mobile":{"background-color":"","background-image":"","background-repeat":"repeat","background-position":"center center","background-size":"auto","background-attachment":"scroll","background-type":"","background-media":"","overlay-type":"","overlay-color":"","overlay-opacity":"","overlay-gradient":""}},"ast-content-background-meta":{"desktop":{"background-color":"var(--ast-global-color-5)","background-image":"","background-repeat":"repeat","background-position":"center center","background-size":"auto","background-attachment":"scroll","background-type":"","background-media":"","overlay-type":"","overlay-color":"","overlay-opacity":"","overlay-gradient":""},"tablet":{"background-color":"var(--ast-global-color-5)","background-image":"","background-repeat":"repeat","background-position":"center center","background-size":"auto","background-attachment":"scroll","background-type":"","background-media":"","overlay-type":"","overlay-color":"","overlay-opacity":"","overlay-gradient":""},"mobile":{"background-color":"var(--ast-global-color-5)","background-image":"","background-repeat":"repeat","background-position":"center center","background-size":"auto","background-attachment":"scroll","background-type":"","background-media":"","overlay-type":"","overlay-color":"","overlay-opacity":"","overlay-gradient":""}},"_price":"","_stock":"","_tribe_ticket_header":"","_tribe_default_ticket_provider":"","_tribe_ticket_capacity":"0","_ticket_start_date":"","_ticket_end_date":"","_tribe_ticket_show_description":"","_tribe_ticket_show_not_going":false,"_tribe_ticket_use_global_stock":"","_tribe_ticket_global_stock_level":"","_global_stock_mode":"","_global_stock_cap":"","_tribe_rsvp_for_event":"","_tribe_ticket_going_count":"","_tribe_ticket_not_going_count":"","_tribe_tickets_list":"[]","_tribe_ticket_has_attendee_info_fields":false,"footnotes":"","_tec_slr_enabled":"","_tec_slr_layout":""},"class_list":["post-3676","page","type-page","status-publish","hentry"],"acf":[],"ticketed":false,"_links":{"self":[{"href":"https:\/\/mfan.global\/de\/wp-json\/wp\/v2\/pages\/3676","targetHints":{"allow":["GET"]}}],"collection":[{"href":"https:\/\/mfan.global\/de\/wp-json\/wp\/v2\/pages"}],"about":[{"href":"https:\/\/mfan.global\/de\/wp-json\/wp\/v2\/types\/page"}],"author":[{"embeddable":true,"href":"https:\/\/mfan.global\/de\/wp-json\/wp\/v2\/users\/1"}],"replies":[{"embeddable":true,"href":"https:\/\/mfan.global\/de\/wp-json\/wp\/v2\/comments?post=3676"}],"version-history":[{"count":10,"href":"https:\/\/mfan.global\/de\/wp-json\/wp\/v2\/pages\/3676\/revisions"}],"predecessor-version":[{"id":5083,"href":"https:\/\/mfan.global\/de\/wp-json\/wp\/v2\/pages\/3676\/revisions\/5083"}],"up":[{"embeddable":true,"href":"https:\/\/mfan.global\/de\/wp-json\/wp\/v2\/pages\/3905"}],"wp:attachment":[{"href":"https:\/\/mfan.global\/de\/wp-json\/wp\/v2\/media?parent=3676"}],"curies":[{"name":"wp","href":"https:\/\/api.w.org\/{rel}","templated":true}]}}