{"id":3674,"date":"2022-05-16T19:24:29","date_gmt":"2022-05-16T17:24:29","guid":{"rendered":"https:\/\/mfan.global\/?page_id=3674"},"modified":"2025-10-10T08:01:07","modified_gmt":"2025-10-10T06:01:07","slug":"mfan-youth","status":"publish","type":"page","link":"https:\/\/mfan.global\/de\/ueber-uns\/mfan-youth\/","title":{"rendered":"MfaN Youth"},"content":{"rendered":"\t\t<div data-elementor-type=\"wp-page\" data-elementor-id=\"3674\" class=\"elementor elementor-3674 elementor-1801\" data-elementor-post-type=\"page\">\n\t\t\t\t<div class=\"elementor-element elementor-element-3c032a8 e-flex e-con-boxed e-con e-parent\" data-id=\"3c032a8\" data-element_type=\"container\" data-e-type=\"container\">\n\t\t\t\t\t<div class=\"e-con-inner\">\n\t\t<div class=\"elementor-element elementor-element-dd03b31 e-con-full e-flex e-con e-child\" data-id=\"dd03b31\" data-element_type=\"container\" data-e-type=\"container\">\n\t\t\t\t<div class=\"elementor-element elementor-element-e8d2dec elementor-widget elementor-widget-text-editor\" data-id=\"e8d2dec\" data-element_type=\"widget\" data-e-type=\"widget\" data-widget_type=\"text-editor.default\">\n\t\t\t\t<div class=\"elementor-widget-container\">\n\t\t\t\t\t\t\t\t\t<h1><strong style=\"font-size: 16px; font-style: inherit; font-family: var( --e-global-typography-text-font-family ), Sans-serif; text-align: var(--text-align);\">Unsere Vision:<\/strong><\/h1>\n<p>Um besser und tiefer jenen zu kennen wessen Wort Leben ver\u00e4ndern mag, wollen wir die Junge Generation<br>motivieren.<\/p>\n<p><strong>Ziel des Jugenddienstes:<\/strong><br>&#8211; Antworten f\u00fcr die Jugend auf den Sinn des Lebens und die Berufung.<br>&#8211; Die Prinzipien und den Wert seines Reiches | Gottes Reiches n\u00e4her bringen<br>&#8211; Entfaltung der Gaben und Talente f\u00fcr einen Gewissenhaften Dienst.<\/p>\t\t\t\t\t\t\t\t<\/div>\n\t\t\t\t<\/div>\n\t\t\t\t<\/div>\n\t\t<div class=\"elementor-element elementor-element-ec4a521 e-con-full e-flex e-con e-child\" data-id=\"ec4a521\" data-element_type=\"container\" data-e-type=\"container\">\n\t\t\t\t<div class=\"elementor-element elementor-element-74458b5 elementor-widget elementor-widget-image\" data-id=\"74458b5\" data-element_type=\"widget\" data-e-type=\"widget\" data-widget_type=\"image.default\">\n\t\t\t\t<div class=\"elementor-widget-container\">\n\t\t\t\t\t\t\t\t\t\t\t\t\t\t\t<img fetchpriority=\"high\" decoding=\"async\" width=\"800\" height=\"533\" src=\"https:\/\/mfan.global\/wp-content\/uploads\/IMG_3904_800x533_red.jpg\" class=\"attachment-large size-large wp-image-6243\" alt=\"\" srcset=\"https:\/\/mfan.global\/wp-content\/uploads\/IMG_3904_800x533_red.jpg 800w, https:\/\/mfan.global\/wp-content\/uploads\/IMG_3904_800x533_red-300x200.jpg 300w, https:\/\/mfan.global\/wp-content\/uploads\/IMG_3904_800x533_red-768x512.jpg 768w\" sizes=\"(max-width: 800px) 100vw, 800px\" \/>\t\t\t\t\t\t\t\t\t\t\t\t\t\t\t<\/div>\n\t\t\t\t<\/div>\n\t\t\t\t<\/div>\n\t\t\t\t\t<\/div>\n\t\t\t\t<\/div>\n\t\t\t\t<section class=\"elementor-section elementor-top-section elementor-element elementor-element-bea8ec4 elementor-section-content-middle elementor-reverse-tablet elementor-reverse-mobile elementor-section-boxed elementor-section-height-default elementor-section-height-default\" data-id=\"bea8ec4\" data-element_type=\"section\" data-e-type=\"section\">\n\t\t\t\t\t\t<div class=\"elementor-container elementor-column-gap-no\">\n\t\t\t\t\t<div class=\"elementor-column elementor-col-25 elementor-top-column elementor-element elementor-element-34cfc3bb\" data-id=\"34cfc3bb\" data-element_type=\"column\" data-e-type=\"column\">\n\t\t\t<div class=\"elementor-widget-wrap elementor-element-populated\">\n\t\t\t\t\t\t<div class=\"elementor-element elementor-element-55732d5d elementor-widget elementor-widget-image\" data-id=\"55732d5d\" data-element_type=\"widget\" data-e-type=\"widget\" data-widget_type=\"image.default\">\n\t\t\t\t<div class=\"elementor-widget-container\">\n\t\t\t\t\t\t\t\t\t\t\t\t\t\t\t<img decoding=\"async\" width=\"400\" height=\"267\" src=\"https:\/\/mfan.global\/wp-content\/uploads\/IMG_4202_400x267_red.jpg\" class=\"attachment-large size-large wp-image-6253\" alt=\"\" srcset=\"https:\/\/mfan.global\/wp-content\/uploads\/IMG_4202_400x267_red.jpg 400w, https:\/\/mfan.global\/wp-content\/uploads\/IMG_4202_400x267_red-300x200.jpg 300w\" sizes=\"(max-width: 400px) 100vw, 400px\" \/>\t\t\t\t\t\t\t\t\t\t\t\t\t\t\t<\/div>\n\t\t\t\t<\/div>\n\t\t\t\t<div class=\"elementor-element elementor-element-674b1bdb elementor-widget elementor-widget-image\" data-id=\"674b1bdb\" data-element_type=\"widget\" data-e-type=\"widget\" data-widget_type=\"image.default\">\n\t\t\t\t<div class=\"elementor-widget-container\">\n\t\t\t\t\t\t\t\t\t\t\t\t\t\t\t<img decoding=\"async\" width=\"600\" height=\"400\" src=\"https:\/\/mfan.global\/wp-content\/uploads\/IMG_4247_600x400_red.jpg\" class=\"attachment-large size-large wp-image-6245\" alt=\"\" srcset=\"https:\/\/mfan.global\/wp-content\/uploads\/IMG_4247_600x400_red.jpg 600w, https:\/\/mfan.global\/wp-content\/uploads\/IMG_4247_600x400_red-300x200.jpg 300w\" sizes=\"(max-width: 600px) 100vw, 600px\" \/>\t\t\t\t\t\t\t\t\t\t\t\t\t\t\t<\/div>\n\t\t\t\t<\/div>\n\t\t\t\t\t<\/div>\n\t\t<\/div>\n\t\t\t\t<div class=\"elementor-column elementor-col-25 elementor-top-column elementor-element elementor-element-2d6fd8c3\" data-id=\"2d6fd8c3\" data-element_type=\"column\" data-e-type=\"column\">\n\t\t\t<div class=\"elementor-widget-wrap elementor-element-populated\">\n\t\t\t\t\t\t<div class=\"elementor-element elementor-element-68f6f189 elementor-widget elementor-widget-image\" data-id=\"68f6f189\" data-element_type=\"widget\" data-e-type=\"widget\" data-widget_type=\"image.default\">\n\t\t\t\t<div class=\"elementor-widget-container\">\n\t\t\t\t\t\t\t\t\t\t\t\t\t\t\t<img loading=\"lazy\" decoding=\"async\" width=\"600\" height=\"400\" src=\"https:\/\/mfan.global\/wp-content\/uploads\/IMG_3429_600x400_red.jpg\" class=\"attachment-large size-large wp-image-6249\" alt=\"\" srcset=\"https:\/\/mfan.global\/wp-content\/uploads\/IMG_3429_600x400_red.jpg 600w, https:\/\/mfan.global\/wp-content\/uploads\/IMG_3429_600x400_red-300x200.jpg 300w\" sizes=\"(max-width: 600px) 100vw, 600px\" \/>\t\t\t\t\t\t\t\t\t\t\t\t\t\t\t<\/div>\n\t\t\t\t<\/div>\n\t\t\t\t<div class=\"elementor-element elementor-element-5182cc9b elementor-widget elementor-widget-image\" data-id=\"5182cc9b\" data-element_type=\"widget\" data-e-type=\"widget\" data-widget_type=\"image.default\">\n\t\t\t\t<div class=\"elementor-widget-container\">\n\t\t\t\t\t\t\t\t\t\t\t\t\t\t\t<img loading=\"lazy\" decoding=\"async\" width=\"800\" height=\"533\" src=\"https:\/\/mfan.global\/wp-content\/uploads\/IMG_3823_800x533_red.jpg\" class=\"attachment-large size-large wp-image-6251\" alt=\"\" srcset=\"https:\/\/mfan.global\/wp-content\/uploads\/IMG_3823_800x533_red.jpg 800w, https:\/\/mfan.global\/wp-content\/uploads\/IMG_3823_800x533_red-300x200.jpg 300w, https:\/\/mfan.global\/wp-content\/uploads\/IMG_3823_800x533_red-768x512.jpg 768w\" sizes=\"(max-width: 800px) 100vw, 800px\" \/>\t\t\t\t\t\t\t\t\t\t\t\t\t\t\t<\/div>\n\t\t\t\t<\/div>\n\t\t\t\t\t<\/div>\n\t\t<\/div>\n\t\t\t\t<div class=\"elementor-column elementor-col-50 elementor-top-column elementor-element elementor-element-40080856\" data-id=\"40080856\" data-element_type=\"column\" data-e-type=\"column\">\n\t\t\t<div class=\"elementor-widget-wrap elementor-element-populated\">\n\t\t\t\t\t\t<div class=\"elementor-element elementor-element-1e5b070f elementor-widget elementor-widget-heading\" data-id=\"1e5b070f\" data-element_type=\"widget\" data-e-type=\"widget\" data-widget_type=\"heading.default\">\n\t\t\t\t<div class=\"elementor-widget-container\">\n\t\t\t\t\t<h3 class=\"elementor-heading-title elementor-size-default\">Wir sind MfaN Youth<\/h3>\t\t\t\t<\/div>\n\t\t\t\t<\/div>\n\t\t\t\t<div class=\"elementor-element elementor-element-3761be32 elementor-widget elementor-widget-text-editor\" data-id=\"3761be32\" data-element_type=\"widget\" data-e-type=\"widget\" data-widget_type=\"text-editor.default\">\n\t\t\t\t<div class=\"elementor-widget-container\">\n\t\t\t\t\t\t\t\t\tWir leben in einer Zeit, in der die Grenzen von Moral und Spiritualit\u00e4t in der Gesellschaft verwischt werden. Kinder und Jugendliche sind, mehr als alle anderen, leicht den negativen Einfl\u00fcssen dieser Gesellschaft und dem Geist dieser Welt ausgesetzt. Deshalb ist es unsere Aufgabe, Kinder und Jugendliche zu J\u00fcngern zu machen, damit sie zu geistig erf\u00fcllten Mitgliedern der Gesellschaft und der Kirche werden. Und es ist auch sehr wichtig, Kinder zu lehren, ihren Eltern, Lehrern und Pastoren gegen\u00fcber gehorsam zu sein. Deshalb arbeitet unsere Kinder- und Jugendabteilung daran, Kindern und Jugendlichen von klein auf biblische Wahrheiten zu vermitteln. M\u00f6ge Gottes Wort f\u00fcr Ihre Kinder ein starkes Fundament sein, auf dem sie ein erfolgreiches Leben aufbauen k\u00f6nnen.\t\t\t\t\t\t\t\t<\/div>\n\t\t\t\t<\/div>\n\t\t\t\t\t<\/div>\n\t\t<\/div>\n\t\t\t\t\t<\/div>\n\t\t<\/section>\n\t\t<div class=\"elementor-element elementor-element-81dea2b e-flex e-con-boxed e-con e-parent\" data-id=\"81dea2b\" data-element_type=\"container\" data-e-type=\"container\">\n\t\t\t\t\t<div class=\"e-con-inner\">\n\t\t\t\t<div class=\"elementor-element elementor-element-951339a elementor-widget elementor-widget-text-editor\" data-id=\"951339a\" data-element_type=\"widget\" data-e-type=\"widget\" data-widget_type=\"text-editor.default\">\n\t\t\t\t<div class=\"elementor-widget-container\">\n\t\t\t\t\t\t\t\t\t<h1 style=\"text-align: center;\">Treffpunkt &amp; Veranstaltungen\u200b<\/h1>\t\t\t\t\t\t\t\t<\/div>\n\t\t\t\t<\/div>\n\t\t\t\t\t<\/div>\n\t\t\t\t<\/div>\n\t\t<div class=\"elementor-element elementor-element-cff1c8e e-flex e-con-boxed e-con e-parent\" data-id=\"cff1c8e\" data-element_type=\"container\" data-e-type=\"container\">\n\t\t\t\t\t<div class=\"e-con-inner\">\n\t\t<div class=\"elementor-element elementor-element-bef0c2d e-con-full e-flex e-con e-child\" data-id=\"bef0c2d\" data-element_type=\"container\" data-e-type=\"container\">\n\t\t\t\t<div class=\"elementor-element elementor-element-db691eb elementor-widget elementor-widget-image\" data-id=\"db691eb\" data-element_type=\"widget\" data-e-type=\"widget\" data-widget_type=\"image.default\">\n\t\t\t\t<div class=\"elementor-widget-container\">\n\t\t\t\t\t\t\t\t\t\t\t\t<figure class=\"wp-caption\">\n\t\t\t\t\t\t\t\t\t\t<img loading=\"lazy\" decoding=\"async\" width=\"800\" height=\"500\" src=\"https:\/\/mfan.global\/wp-content\/uploads\/ueber_uns_mfan_youth_1_800x500-1.jpg\" class=\"attachment-large size-large wp-image-5089\" alt=\"\" srcset=\"https:\/\/mfan.global\/wp-content\/uploads\/ueber_uns_mfan_youth_1_800x500-1.jpg 800w, https:\/\/mfan.global\/wp-content\/uploads\/ueber_uns_mfan_youth_1_800x500-1-300x188.jpg 300w, https:\/\/mfan.global\/wp-content\/uploads\/ueber_uns_mfan_youth_1_800x500-1-768x480.jpg 768w\" sizes=\"(max-width: 800px) 100vw, 800px\" \/>\t\t\t\t\t\t\t\t\t\t\t<figcaption class=\"widget-image-caption wp-caption-text\">Der Gottesdienst findet jeden Sonntag um 11 Uhr statt.<\/figcaption>\n\t\t\t\t\t\t\t\t\t\t<\/figure>\n\t\t\t\t\t\t\t\t\t<\/div>\n\t\t\t\t<\/div>\n\t\t\t\t<\/div>\n\t\t<div class=\"elementor-element elementor-element-055240e e-con-full e-flex e-con e-child\" data-id=\"055240e\" data-element_type=\"container\" data-e-type=\"container\">\n\t\t\t\t<div class=\"elementor-element elementor-element-c754807 elementor-widget elementor-widget-image\" data-id=\"c754807\" data-element_type=\"widget\" data-e-type=\"widget\" data-widget_type=\"image.default\">\n\t\t\t\t<div class=\"elementor-widget-container\">\n\t\t\t\t\t\t\t\t\t\t\t\t<figure class=\"wp-caption\">\n\t\t\t\t\t\t\t\t\t\t<img loading=\"lazy\" decoding=\"async\" width=\"800\" height=\"533\" src=\"https:\/\/mfan.global\/wp-content\/uploads\/IMG_3823_800x533_red.jpg\" class=\"attachment-large size-large wp-image-6251\" alt=\"\" srcset=\"https:\/\/mfan.global\/wp-content\/uploads\/IMG_3823_800x533_red.jpg 800w, https:\/\/mfan.global\/wp-content\/uploads\/IMG_3823_800x533_red-300x200.jpg 300w, https:\/\/mfan.global\/wp-content\/uploads\/IMG_3823_800x533_red-768x512.jpg 768w\" sizes=\"(max-width: 800px) 100vw, 800px\" \/>\t\t\t\t\t\t\t\t\t\t\t<figcaption class=\"widget-image-caption wp-caption-text\">Worship Night findet einmal im Monat statt. Festgesetzte Termine findet ihr im Kalender.<\/figcaption>\n\t\t\t\t\t\t\t\t\t\t<\/figure>\n\t\t\t\t\t\t\t\t\t<\/div>\n\t\t\t\t<\/div>\n\t\t\t\t<\/div>\n\t\t\t\t\t<\/div>\n\t\t\t\t<\/div>\n\t\t\t\t<section class=\"elementor-section elementor-top-section elementor-element elementor-element-62cbb07f elementor-section-content-middle elementor-reverse-tablet elementor-reverse-mobile elementor-section-boxed elementor-section-height-default elementor-section-height-default\" data-id=\"62cbb07f\" data-element_type=\"section\" data-e-type=\"section\">\n\t\t\t\t\t\t<div class=\"elementor-container elementor-column-gap-no\">\n\t\t\t\t\t<div class=\"elementor-column elementor-col-100 elementor-top-column elementor-element elementor-element-3ce177cf\" data-id=\"3ce177cf\" data-element_type=\"column\" data-e-type=\"column\">\n\t\t\t<div class=\"elementor-widget-wrap elementor-element-populated\">\n\t\t\t\t\t\t<div class=\"elementor-element elementor-element-5e2fda9a elementor-widget elementor-widget-heading\" data-id=\"5e2fda9a\" data-element_type=\"widget\" data-e-type=\"widget\" data-widget_type=\"heading.default\">\n\t\t\t\t<div class=\"elementor-widget-container\">\n\t\t\t\t\t<h3 class=\"elementor-heading-title elementor-size-default\">Komm vorbei!<\/h3>\t\t\t\t<\/div>\n\t\t\t\t<\/div>\n\t\t\t\t\t<\/div>\n\t\t<\/div>\n\t\t\t\t\t<\/div>\n\t\t<\/section>\n\t\t\t\t<\/div>\n\t\t","protected":false},"excerpt":{"rendered":"<p>Unsere Vision: Um besser und tiefer jenen zu kennen wessen Wort Leben ver\u00e4ndern mag, wollen wir die Junge Generationmotivieren. Ziel des Jugenddienstes:&#8211; Antworten f\u00fcr die Jugend auf den Sinn des Lebens und die Berufung.&#8211; Die Prinzipien und den Wert seines Reiches | Gottes Reiches n\u00e4her bringen&#8211; Entfaltung der Gaben und Talente f\u00fcr einen Gewissenhaften Dienst. [&hellip;]<\/p>\n","protected":false},"author":1,"featured_media":0,"parent":3905,"menu_order":0,"comment_status":"closed","ping_status":"closed","template":"elementor_header_footer","meta":{"_acf_changed":false,"inline_featured_image":false,"site-sidebar-layout":"default","site-content-layout":"default","ast-site-content-layout":"default","site-content-style":"default","site-sidebar-style":"default","ast-global-header-display":"","ast-banner-title-visibility":"","ast-main-header-display":"","ast-hfb-above-header-display":"","ast-hfb-below-header-display":"","ast-hfb-mobile-header-display":"","site-post-title":"","ast-breadcrumbs-content":"","ast-featured-img":"","footer-sml-layout":"","ast-disable-related-posts":"","theme-transparent-header-meta":"default","adv-header-id-meta":"","stick-header-meta":"","header-above-stick-meta":"","header-main-stick-meta":"","header-below-stick-meta":"","astra-migrate-meta-layouts":"set","ast-page-background-enabled":"default","ast-page-background-meta":{"desktop":{"background-color":"var(--ast-global-color-4)","background-image":"","background-repeat":"repeat","background-position":"center center","background-size":"auto","background-attachment":"scroll","background-type":"","background-media":"","overlay-type":"","overlay-color":"","overlay-opacity":"","overlay-gradient":""},"tablet":{"background-color":"","background-image":"","background-repeat":"repeat","background-position":"center center","background-size":"auto","background-attachment":"scroll","background-type":"","background-media":"","overlay-type":"","overlay-color":"","overlay-opacity":"","overlay-gradient":""},"mobile":{"background-color":"","background-image":"","background-repeat":"repeat","background-position":"center center","background-size":"auto","background-attachment":"scroll","background-type":"","background-media":"","overlay-type":"","overlay-color":"","overlay-opacity":"","overlay-gradient":""}},"ast-content-background-meta":{"desktop":{"background-color":"var(--ast-global-color-5)","background-image":"","background-repeat":"repeat","background-position":"center center","background-size":"auto","background-attachment":"scroll","background-type":"","background-media":"","overlay-type":"","overlay-color":"","overlay-opacity":"","overlay-gradient":""},"tablet":{"background-color":"var(--ast-global-color-5)","background-image":"","background-repeat":"repeat","background-position":"center center","background-size":"auto","background-attachment":"scroll","background-type":"","background-media":"","overlay-type":"","overlay-color":"","overlay-opacity":"","overlay-gradient":""},"mobile":{"background-color":"var(--ast-global-color-5)","background-image":"","background-repeat":"repeat","background-position":"center center","background-size":"auto","background-attachment":"scroll","background-type":"","background-media":"","overlay-type":"","overlay-color":"","overlay-opacity":"","overlay-gradient":""}},"footnotes":""},"class_list":["post-3674","page","type-page","status-publish","hentry"],"acf":[],"_links":{"self":[{"href":"https:\/\/mfan.global\/de\/wp-json\/wp\/v2\/pages\/3674","targetHints":{"allow":["GET"]}}],"collection":[{"href":"https:\/\/mfan.global\/de\/wp-json\/wp\/v2\/pages"}],"about":[{"href":"https:\/\/mfan.global\/de\/wp-json\/wp\/v2\/types\/page"}],"author":[{"embeddable":true,"href":"https:\/\/mfan.global\/de\/wp-json\/wp\/v2\/users\/1"}],"replies":[{"embeddable":true,"href":"https:\/\/mfan.global\/de\/wp-json\/wp\/v2\/comments?post=3674"}],"version-history":[{"count":48,"href":"https:\/\/mfan.global\/de\/wp-json\/wp\/v2\/pages\/3674\/revisions"}],"predecessor-version":[{"id":10097,"href":"https:\/\/mfan.global\/de\/wp-json\/wp\/v2\/pages\/3674\/revisions\/10097"}],"up":[{"embeddable":true,"href":"https:\/\/mfan.global\/de\/wp-json\/wp\/v2\/pages\/3905"}],"wp:attachment":[{"href":"https:\/\/mfan.global\/de\/wp-json\/wp\/v2\/media?parent=3674"}],"curies":[{"name":"wp","href":"https:\/\/api.w.org\/{rel}","templated":true}]}}